{"id":15058,"date":"2025-10-07T10:03:47","date_gmt":"2025-10-07T10:03:47","guid":{"rendered":"https:\/\/phosushi.ch\/?page_id=15058"},"modified":"2025-10-07T10:06:49","modified_gmt":"2025-10-07T10:06:49","slug":"gallery","status":"publish","type":"page","link":"https:\/\/phosushi.ch\/index.php\/gallery\/","title":{"rendered":"R\u00e9union  &#038; Conf\u00e9rence"},"content":{"rendered":"<div id=\"cmsmasters_row_mvbwt2rnnh\" class=\"cmsmasters_row cmsmasters_color_scheme_default cmsmasters_row_top_default cmsmasters_row_bot_default cmsmasters_row_boxed\">\n<div class=\"cmsmasters_row_outer_parent\">\n<div class=\"cmsmasters_row_outer\">\n<div class=\"cmsmasters_row_inner\">\n<div class=\"cmsmasters_row_margin\">\n<div id=\"cmsmasters_column_lvkpypxyz\" class=\"cmsmasters_column one_first\">\n<div class=\"cmsmasters_column_inner\"><div id=\"cmsmasters_heading_wgsrn88r1c\" class=\"cmsmasters_heading_wrap cmsmasters_heading_align_left\">\n\t<h2 class=\"cmsmasters_heading\">Une grande salle de r\u00e9union ainsi que diff\u00e9rentes petites salles adapt\u00e9es \u00e0 des groupes de travail plus restreints sont \u00e0 votre disposition. <\/h2>\n<\/div>\n<\/div><\/div>\n<\/div>\n<\/div>\n<\/div>\n<\/div>\n<\/div>\n<div id=\"cmsmasters_row_50hujcauo\" class=\"cmsmasters_row cmsmasters_color_scheme_default cmsmasters_row_top_default cmsmasters_row_bot_default cmsmasters_row_boxed\">\n<div class=\"cmsmasters_row_outer_parent\">\n<div class=\"cmsmasters_row_outer\">\n<div class=\"cmsmasters_row_inner\">\n<div class=\"cmsmasters_row_margin\">\n<div id=\"cmsmasters_column_cjz9v81smn\" class=\"cmsmasters_column one_first\">\n<div class=\"cmsmasters_column_inner\"><div id=\"cmsmasters_hover_slider_075e7mu4g\" class=\"cmsmasters_hover_slider\" data-thumb-width=\"100\" data-thumb-height=\"60\" data-active-slide=\"1\" data-pause-time=\"5000\" data-pause-on-hover=\"true\"><ul class=\"cmsmasters_hover_slider_items\">\n<li><figure class=\"cmsmasters_hover_slider_full_img\"><img loading=\"lazy\" decoding=\"async\" width=\"860\" height=\"500\" src=\"https:\/\/phosushi.ch\/wp-content\/uploads\/2025\/10\/slider4-1-860x500.jpg\" class=\"attachment-post-thumbnail size-post-thumbnail\" alt=\"\" \/><\/figure><\/li><li><figure class=\"cmsmasters_hover_slider_full_img\"><img loading=\"lazy\" decoding=\"async\" width=\"860\" height=\"500\" src=\"https:\/\/phosushi.ch\/wp-content\/uploads\/2025\/10\/slider1-1-860x500.jpg\" class=\"attachment-post-thumbnail size-post-thumbnail\" alt=\"\" \/><\/figure><\/li><\/ul>\n<\/div>\n<\/div><\/div>\n<\/div>\n<\/div>\n<\/div>\n<\/div>\n<\/div>\n\n","protected":false},"excerpt":{"rendered":"","protected":false},"author":1,"featured_media":0,"parent":0,"menu_order":0,"comment_status":"closed","ping_status":"closed","template":"","meta":{"footnotes":""},"class_list":["post-15058","page","type-page","status-publish","hentry"],"yoast_head":"<!-- This site is optimized with the Yoast SEO plugin v19.2 - https:\/\/yoast.com\/wordpress\/plugins\/seo\/ -->\n<title>R\u00e9union &amp; Conf\u00e9rence - PHO Suhsi<\/title>\n<meta name=\"robots\" content=\"index, follow, max-snippet:-1, max-image-preview:large, max-video-preview:-1\" \/>\n<link rel=\"canonical\" href=\"https:\/\/phosushi.ch\/index.php\/gallery\/\" \/>\n<meta property=\"og:locale\" content=\"fr_FR\" \/>\n<meta property=\"og:type\" content=\"article\" \/>\n<meta property=\"og:title\" content=\"R\u00e9union &amp; Conf\u00e9rence - PHO Suhsi\" \/>\n<meta property=\"og:url\" content=\"https:\/\/phosushi.ch\/index.php\/gallery\/\" \/>\n<meta property=\"og:site_name\" content=\"PHO Suhsi\" \/>\n<meta property=\"article:modified_time\" content=\"2025-10-07T10:06:49+00:00\" \/>\n<meta name=\"author\" content=\"admin\" \/>\n<meta name=\"twitter:card\" content=\"summary_large_image\" \/>\n<meta name=\"twitter:label1\" content=\"Dur\u00e9e de lecture estim\u00e9e\" \/>\n\t<meta name=\"twitter:data1\" content=\"2 minutes\" \/>\n<script type=\"application\/ld+json\" class=\"yoast-schema-graph\">{\"@context\":\"https:\/\/schema.org\",\"@graph\":[{\"@type\":\"WebSite\",\"@id\":\"https:\/\/phosushi.ch\/#website\",\"url\":\"https:\/\/phosushi.ch\/\",\"name\":\"PHO Suhsi\",\"description\":\"Vietnamien &amp; Japonaise\",\"potentialAction\":[{\"@type\":\"SearchAction\",\"target\":{\"@type\":\"EntryPoint\",\"urlTemplate\":\"https:\/\/phosushi.ch\/?s={search_term_string}\"},\"query-input\":\"required name=search_term_string\"}],\"inLanguage\":\"fr-FR\"},{\"@type\":\"WebPage\",\"@id\":\"https:\/\/phosushi.ch\/index.php\/gallery\/#webpage\",\"url\":\"https:\/\/phosushi.ch\/index.php\/gallery\/\",\"name\":\"R\u00e9union & Conf\u00e9rence - PHO Suhsi\",\"isPartOf\":{\"@id\":\"https:\/\/phosushi.ch\/#website\"},\"datePublished\":\"2025-10-07T10:03:47+00:00\",\"dateModified\":\"2025-10-07T10:06:49+00:00\",\"breadcrumb\":{\"@id\":\"https:\/\/phosushi.ch\/index.php\/gallery\/#breadcrumb\"},\"inLanguage\":\"fr-FR\",\"potentialAction\":[{\"@type\":\"ReadAction\",\"target\":[\"https:\/\/phosushi.ch\/index.php\/gallery\/\"]}]},{\"@type\":\"BreadcrumbList\",\"@id\":\"https:\/\/phosushi.ch\/index.php\/gallery\/#breadcrumb\",\"itemListElement\":[{\"@type\":\"ListItem\",\"position\":1,\"name\":\"Home\",\"item\":\"https:\/\/phosushi.ch\/\"},{\"@type\":\"ListItem\",\"position\":2,\"name\":\"R\u00e9union &#038; Conf\u00e9rence\"}]}]}<\/script>\n<!-- \/ Yoast SEO plugin. -->","yoast_head_json":{"title":"R\u00e9union & Conf\u00e9rence - PHO Suhsi","robots":{"index":"index","follow":"follow","max-snippet":"max-snippet:-1","max-image-preview":"max-image-preview:large","max-video-preview":"max-video-preview:-1"},"canonical":"https:\/\/phosushi.ch\/index.php\/gallery\/","og_locale":"fr_FR","og_type":"article","og_title":"R\u00e9union & Conf\u00e9rence - PHO Suhsi","og_url":"https:\/\/phosushi.ch\/index.php\/gallery\/","og_site_name":"PHO Suhsi","article_modified_time":"2025-10-07T10:06:49+00:00","author":"admin","twitter_card":"summary_large_image","twitter_misc":{"Dur\u00e9e de lecture estim\u00e9e":"2 minutes"},"schema":{"@context":"https:\/\/schema.org","@graph":[{"@type":"WebSite","@id":"https:\/\/phosushi.ch\/#website","url":"https:\/\/phosushi.ch\/","name":"PHO Suhsi","description":"Vietnamien &amp; Japonaise","potentialAction":[{"@type":"SearchAction","target":{"@type":"EntryPoint","urlTemplate":"https:\/\/phosushi.ch\/?s={search_term_string}"},"query-input":"required name=search_term_string"}],"inLanguage":"fr-FR"},{"@type":"WebPage","@id":"https:\/\/phosushi.ch\/index.php\/gallery\/#webpage","url":"https:\/\/phosushi.ch\/index.php\/gallery\/","name":"R\u00e9union & Conf\u00e9rence - PHO Suhsi","isPartOf":{"@id":"https:\/\/phosushi.ch\/#website"},"datePublished":"2025-10-07T10:03:47+00:00","dateModified":"2025-10-07T10:06:49+00:00","breadcrumb":{"@id":"https:\/\/phosushi.ch\/index.php\/gallery\/#breadcrumb"},"inLanguage":"fr-FR","potentialAction":[{"@type":"ReadAction","target":["https:\/\/phosushi.ch\/index.php\/gallery\/"]}]},{"@type":"BreadcrumbList","@id":"https:\/\/phosushi.ch\/index.php\/gallery\/#breadcrumb","itemListElement":[{"@type":"ListItem","position":1,"name":"Home","item":"https:\/\/phosushi.ch\/"},{"@type":"ListItem","position":2,"name":"R\u00e9union &#038; Conf\u00e9rence"}]}]}},"_links":{"self":[{"href":"https:\/\/phosushi.ch\/index.php\/wp-json\/wp\/v2\/pages\/15058","targetHints":{"allow":["GET"]}}],"collection":[{"href":"https:\/\/phosushi.ch\/index.php\/wp-json\/wp\/v2\/pages"}],"about":[{"href":"https:\/\/phosushi.ch\/index.php\/wp-json\/wp\/v2\/types\/page"}],"author":[{"embeddable":true,"href":"https:\/\/phosushi.ch\/index.php\/wp-json\/wp\/v2\/users\/1"}],"replies":[{"embeddable":true,"href":"https:\/\/phosushi.ch\/index.php\/wp-json\/wp\/v2\/comments?post=15058"}],"version-history":[{"count":5,"href":"https:\/\/phosushi.ch\/index.php\/wp-json\/wp\/v2\/pages\/15058\/revisions"}],"predecessor-version":[{"id":15064,"href":"https:\/\/phosushi.ch\/index.php\/wp-json\/wp\/v2\/pages\/15058\/revisions\/15064"}],"wp:attachment":[{"href":"https:\/\/phosushi.ch\/index.php\/wp-json\/wp\/v2\/media?parent=15058"}],"curies":[{"name":"wp","href":"https:\/\/api.w.org\/{rel}","templated":true}]}}